{"id":1632,"date":"2024-08-30T15:23:38","date_gmt":"2024-08-30T13:23:38","guid":{"rendered":"https:\/\/www.thefilmcorner.eu\/sinscrire\/"},"modified":"2025-02-06T12:12:52","modified_gmt":"2025-02-06T11:12:52","slug":"sinscrire","status":"publish","type":"page","link":"https:\/\/www.thefilmcorner.eu\/fr\/sinscrire\/","title":{"rendered":"S&rsquo;inscrire"},"content":{"rendered":"\t\t<div data-elementor-type=\"wp-page\" data-elementor-id=\"1632\" class=\"elementor elementor-1632 elementor-664\" data-elementor-post-type=\"page\">\n\t\t\t\t\t\t<section class=\"elementor-section elementor-top-section elementor-element elementor-element-79694d2 elementor-section-full_width elementor-section-height-default elementor-section-height-default\" data-id=\"79694d2\" data-element_type=\"section\">\n\t\t\t\t\t\t<div class=\"elementor-container elementor-column-gap-default\">\n\t\t\t\t\t<div class=\"elementor-column elementor-col-100 elementor-top-column elementor-element elementor-element-b247e36\" data-id=\"b247e36\" data-element_type=\"column\">\n\t\t\t<div class=\"elementor-widget-wrap elementor-element-populated\">\n\t\t\t\t\t\t<div class=\"elementor-element elementor-element-495010f elementor-widget elementor-widget-text-editor\" data-id=\"495010f\" data-element_type=\"widget\" data-widget_type=\"text-editor.default\">\n\t\t\t\t<div class=\"elementor-widget-container\">\n\t\t\t<style>\/*! elementor - v3.23.0 - 05-08-2024 *\/\n.elementor-widget-text-editor.elementor-drop-cap-view-stacked .elementor-drop-cap{background-color:#69727d;color:#fff}.elementor-widget-text-editor.elementor-drop-cap-view-framed .elementor-drop-cap{color:#69727d;border:3px solid;background-color:transparent}.elementor-widget-text-editor:not(.elementor-drop-cap-view-default) .elementor-drop-cap{margin-top:8px}.elementor-widget-text-editor:not(.elementor-drop-cap-view-default) .elementor-drop-cap-letter{width:1em;height:1em}.elementor-widget-text-editor .elementor-drop-cap{float:left;text-align:center;line-height:1;font-size:50px}.elementor-widget-text-editor .elementor-drop-cap-letter{display:inline-block}<\/style>\t\t\t\t<p><span style=\"font-weight: 400;\">Bienvenue sur <\/span><strong><i>The Film Corner<\/i><\/strong><span style=\"font-weight: 400;\">, la plateforme interactive d\u00e9di\u00e9e \u00e0 l&rsquo;\u00e9ducation au cin\u00e9ma et \u00e0 l&rsquo;audiovisuel! Voici ci-dessous quelques instructions rapides pour l&rsquo;inscription :<\/span><\/p>\n<p><span style=\"font-weight: 400;\">S&rsquo;inscrire en tant que <\/span><strong>Responsable de Groupe<\/strong><span style=\"font-weight: 400;\">: si vous \u00eates enseignant.e, un tut.eur.rice d\u2019un groupe ou un r\u00e9f\u00e9rent.e d\u2019une organisation et souhaitez utiliser la plateforme avec vos \u00e9l\u00e8ves ou, plus largement, avec des personnes \u00e0 qui vous voulez proposer cette activit\u00e9, inscrivez-vous en tant que <\/span><b>responsable de groupe<\/b><span style=\"font-weight: 400;\">. Vous aurez un acc\u00e8s complet \u00e0 toutes les fonctionnalit\u00e9s de la plateforme et vous pourrez autoriser d&rsquo;autres utilisateurs \u00e0 travailler sur la plateforme, que ce soit collectivement ou de mani\u00e8re autonome.<\/span><\/p>\n<p><span style=\"font-weight: 400;\">S&rsquo;inscrire en tant <strong>qu&rsquo;<\/strong><\/span><strong>Invit\u00e9.e<\/strong><span style=\"font-weight: 400;\"> : si vous \u00eates un professionnel.le, un \u00e9tudiant.e universitaire ou simplement un.e passionn\u00e9.e de cin\u00e9ma, le profil Invit\u00e9.e est fait pour vous. Vous aurez acc\u00e8s \u00e0 toutes les sections de la plateforme et vous pourrez explorer ses fonctionnalit\u00e9s \u00e0 votre rythme.<\/span><\/p>\n<p><span style=\"font-weight: 400;\">Si vous \u00eates un \u00e9l\u00e8ve \u00e0 temps plein ou un.e \u00e9tudiant.e universitaire, contactez votre enseignant.e pour qu\u2019il\/elle active un compte pour votre groupe de classe ou votre cours. Si vous avez des questions, n\u2019h\u00e9sitez pas \u00e0 nous \u00e9crire via la liste des contacts dans la section appropri\u00e9e de la page d\u2019accueil.<\/span><\/p>\n\t\t\t\t\t\t<\/div>\n\t\t\t\t<\/div>\n\t\t\t\t\t<\/div>\n\t\t<\/div>\n\t\t\t\t\t<\/div>\n\t\t<\/section>\n\t\t\t\t<section class=\"elementor-section elementor-top-section elementor-element elementor-element-16a2fb6 elementor-section-full_width elementor-section-height-default elementor-section-height-default\" data-id=\"16a2fb6\" data-element_type=\"section\">\n\t\t\t\t\t\t<div class=\"elementor-container elementor-column-gap-default\">\n\t\t\t\t\t<div class=\"elementor-column elementor-col-50 elementor-top-column elementor-element elementor-element-58d7673\" data-id=\"58d7673\" data-element_type=\"column\" data-settings=\"{&quot;background_background&quot;:&quot;classic&quot;}\">\n\t\t\t<div class=\"elementor-widget-wrap elementor-element-populated\">\n\t\t\t\t\t\t<section class=\"elementor-section elementor-inner-section elementor-element elementor-element-b39d53f elementor-section-full_width elementor-section-height-min-height elementor-section-height-default\" data-id=\"b39d53f\" data-element_type=\"section\">\n\t\t\t\t\t\t<div class=\"elementor-container elementor-column-gap-default\">\n\t\t\t\t\t<div class=\"elementor-column elementor-col-100 elementor-inner-column elementor-element elementor-element-26bd759\" data-id=\"26bd759\" data-element_type=\"column\">\n\t\t\t<div class=\"elementor-widget-wrap elementor-element-populated\">\n\t\t\t\t\t\t<div class=\"elementor-element elementor-element-a91c607 elementor-widget elementor-widget-heading\" data-id=\"a91c607\" data-element_type=\"widget\" data-widget_type=\"heading.default\">\n\t\t\t\t<div class=\"elementor-widget-container\">\n\t\t\t<style>\/*! elementor - v3.23.0 - 05-08-2024 *\/\n.elementor-heading-title{padding:0;margin:0;line-height:1}.elementor-widget-heading .elementor-heading-title[class*=elementor-size-]>a{color:inherit;font-size:inherit;line-height:inherit}.elementor-widget-heading .elementor-heading-title.elementor-size-small{font-size:15px}.elementor-widget-heading .elementor-heading-title.elementor-size-medium{font-size:19px}.elementor-widget-heading .elementor-heading-title.elementor-size-large{font-size:29px}.elementor-widget-heading .elementor-heading-title.elementor-size-xl{font-size:39px}.elementor-widget-heading .elementor-heading-title.elementor-size-xxl{font-size:59px}<\/style><h2 class=\"elementor-heading-title elementor-size-default\">S'inscrire en tant que Responsable de Groupe<\/h2>\t\t<\/div>\n\t\t\t\t<\/div>\n\t\t\t\t<div class=\"elementor-element elementor-element-a59cc31 elementor-align-left elementor-widget elementor-widget-button\" data-id=\"a59cc31\" data-element_type=\"widget\" data-widget_type=\"button.default\">\n\t\t\t\t<div class=\"elementor-widget-container\">\n\t\t\t\t\t<div class=\"elementor-button-wrapper\">\n\t\t\t<a class=\"elementor-button elementor-button-link elementor-size-sm elementor-animation-float\" href=\"https:\/\/www.thefilmcorner.eu\/fr\/sinscrire\/sinscrire-responsable-de-groupe\/\">\n\t\t\t\t\t\t<span class=\"elementor-button-content-wrapper\">\n\t\t\t\t\t\t\t\t\t<span class=\"elementor-button-text\">Inscrivez-vous d\u00e8s maintenant<\/span>\n\t\t\t\t\t<\/span>\n\t\t\t\t\t<\/a>\n\t\t<\/div>\n\t\t\t\t<\/div>\n\t\t\t\t<\/div>\n\t\t\t\t\t<\/div>\n\t\t<\/div>\n\t\t\t\t\t<\/div>\n\t\t<\/section>\n\t\t\t\t\t<\/div>\n\t\t<\/div>\n\t\t\t\t<div class=\"elementor-column elementor-col-50 elementor-top-column elementor-element elementor-element-94090b6\" data-id=\"94090b6\" data-element_type=\"column\" data-settings=\"{&quot;background_background&quot;:&quot;classic&quot;}\">\n\t\t\t<div class=\"elementor-widget-wrap elementor-element-populated\">\n\t\t\t\t\t\t<section class=\"elementor-section elementor-inner-section elementor-element elementor-element-db9579d elementor-section-full_width elementor-section-height-min-height elementor-section-height-default\" data-id=\"db9579d\" data-element_type=\"section\">\n\t\t\t\t\t\t<div class=\"elementor-container elementor-column-gap-default\">\n\t\t\t\t\t<div class=\"elementor-column elementor-col-100 elementor-inner-column elementor-element elementor-element-685efa4\" data-id=\"685efa4\" data-element_type=\"column\">\n\t\t\t<div class=\"elementor-widget-wrap elementor-element-populated\">\n\t\t\t\t\t\t<div class=\"elementor-element elementor-element-8df71a7 elementor-widget elementor-widget-heading\" data-id=\"8df71a7\" data-element_type=\"widget\" data-widget_type=\"heading.default\">\n\t\t\t\t<div class=\"elementor-widget-container\">\n\t\t\t<h2 class=\"elementor-heading-title elementor-size-default\">S'inscrire en tant qu'Invit\u00e9.e<\/h2>\t\t<\/div>\n\t\t\t\t<\/div>\n\t\t\t\t<div class=\"elementor-element elementor-element-2518331 elementor-align-left elementor-widget elementor-widget-button\" data-id=\"2518331\" data-element_type=\"widget\" data-widget_type=\"button.default\">\n\t\t\t\t<div class=\"elementor-widget-container\">\n\t\t\t\t\t<div class=\"elementor-button-wrapper\">\n\t\t\t<a class=\"elementor-button elementor-button-link elementor-size-sm elementor-animation-float\" href=\"https:\/\/www.thefilmcorner.eu\/fr\/sinscrire\/senregistrer-invite\/\">\n\t\t\t\t\t\t<span class=\"elementor-button-content-wrapper\">\n\t\t\t\t\t\t\t\t\t<span class=\"elementor-button-text\">Inscrivez-vous d\u00e8s maintenant<\/span>\n\t\t\t\t\t<\/span>\n\t\t\t\t\t<\/a>\n\t\t<\/div>\n\t\t\t\t<\/div>\n\t\t\t\t<\/div>\n\t\t\t\t\t<\/div>\n\t\t<\/div>\n\t\t\t\t\t<\/div>\n\t\t<\/section>\n\t\t\t\t\t<\/div>\n\t\t<\/div>\n\t\t\t\t\t<\/div>\n\t\t<\/section>\n\t\t\t\t<\/div>\n\t\t","protected":false},"excerpt":{"rendered":"<p>Bienvenue sur The Film Corner, la plateforme interactive d\u00e9di\u00e9e \u00e0 l&rsquo;\u00e9ducation au cin\u00e9ma et \u00e0 l&rsquo;audiovisuel! Voici ci-dessous quelques instructions rapides pour l&rsquo;inscription : S&rsquo;inscrire en tant que Responsable de Groupe: si vous \u00eates enseignant.e, un tut.eur.rice d\u2019un groupe ou un r\u00e9f\u00e9rent.e d\u2019une organisation et souhaitez utiliser la plateforme avec vos \u00e9l\u00e8ves ou, plus largement, [&hellip;]<\/p>\n","protected":false},"author":1,"featured_media":0,"parent":0,"menu_order":0,"comment_status":"closed","ping_status":"closed","template":"","meta":{"_acf_changed":false,"footnotes":""},"class_list":["post-1632","page","type-page","status-publish","hentry"],"acf":[],"_links":{"self":[{"href":"https:\/\/www.thefilmcorner.eu\/fr\/wp-json\/wp\/v2\/pages\/1632","targetHints":{"allow":["GET"]}}],"collection":[{"href":"https:\/\/www.thefilmcorner.eu\/fr\/wp-json\/wp\/v2\/pages"}],"about":[{"href":"https:\/\/www.thefilmcorner.eu\/fr\/wp-json\/wp\/v2\/types\/page"}],"author":[{"embeddable":true,"href":"https:\/\/www.thefilmcorner.eu\/fr\/wp-json\/wp\/v2\/users\/1"}],"replies":[{"embeddable":true,"href":"https:\/\/www.thefilmcorner.eu\/fr\/wp-json\/wp\/v2\/comments?post=1632"}],"version-history":[{"count":1,"href":"https:\/\/www.thefilmcorner.eu\/fr\/wp-json\/wp\/v2\/pages\/1632\/revisions"}],"predecessor-version":[{"id":1633,"href":"https:\/\/www.thefilmcorner.eu\/fr\/wp-json\/wp\/v2\/pages\/1632\/revisions\/1633"}],"wp:attachment":[{"href":"https:\/\/www.thefilmcorner.eu\/fr\/wp-json\/wp\/v2\/media?parent=1632"}],"curies":[{"name":"wp","href":"https:\/\/api.w.org\/{rel}","templated":true}]}}