{"id":2123,"date":"2025-03-14T07:48:21","date_gmt":"2025-03-14T06:48:21","guid":{"rendered":"https:\/\/www.thefilmcorner.eu\/glossario\/"},"modified":"2025-04-10T19:16:55","modified_gmt":"2025-04-10T17:16:55","slug":"glossario","status":"publish","type":"page","link":"https:\/\/www.thefilmcorner.eu\/it\/glossario\/","title":{"rendered":"Glossario"},"content":{"rendered":"\t\t<div data-elementor-type=\"wp-page\" data-elementor-id=\"2123\" class=\"elementor elementor-2123 elementor-2022\" data-elementor-post-type=\"page\">\n\t\t\t\t\t\t<section class=\"elementor-section elementor-top-section elementor-element elementor-element-d71bea5 elementor-section-full_width elementor-section-height-default elementor-section-height-default\" data-id=\"d71bea5\" data-element_type=\"section\">\n\t\t\t\t\t\t<div class=\"elementor-container elementor-column-gap-default\">\n\t\t\t\t\t<div class=\"elementor-column elementor-col-100 elementor-top-column elementor-element elementor-element-1d373b0\" data-id=\"1d373b0\" data-element_type=\"column\">\n\t\t\t<div class=\"elementor-widget-wrap elementor-element-populated\">\n\t\t\t\t\t\t<div class=\"elementor-element elementor-element-ea75f84 elementor-widget elementor-widget-heading\" data-id=\"ea75f84\" data-element_type=\"widget\" data-widget_type=\"heading.default\">\n\t\t\t\t<div class=\"elementor-widget-container\">\n\t\t\t<style>\/*! elementor - v3.23.0 - 05-08-2024 *\/\n.elementor-heading-title{padding:0;margin:0;line-height:1}.elementor-widget-heading .elementor-heading-title[class*=elementor-size-]>a{color:inherit;font-size:inherit;line-height:inherit}.elementor-widget-heading .elementor-heading-title.elementor-size-small{font-size:15px}.elementor-widget-heading .elementor-heading-title.elementor-size-medium{font-size:19px}.elementor-widget-heading .elementor-heading-title.elementor-size-large{font-size:29px}.elementor-widget-heading .elementor-heading-title.elementor-size-xl{font-size:39px}.elementor-widget-heading .elementor-heading-title.elementor-size-xxl{font-size:59px}<\/style><h3 class=\"elementor-heading-title elementor-size-default\">the film corner<\/h3>\t\t<\/div>\n\t\t\t\t<\/div>\n\t\t\t\t<div class=\"elementor-element elementor-element-09b6a1f elementor-widget elementor-widget-heading\" data-id=\"09b6a1f\" data-element_type=\"widget\" data-widget_type=\"heading.default\">\n\t\t\t\t<div class=\"elementor-widget-container\">\n\t\t\t<h2 class=\"elementor-heading-title elementor-size-default\"><b>Glossario<\/b><\/h2>\t\t<\/div>\n\t\t\t\t<\/div>\n\t\t\t\t<div class=\"elementor-element elementor-element-93c9fee elementor-widget elementor-widget-spacer\" data-id=\"93c9fee\" data-element_type=\"widget\" data-widget_type=\"spacer.default\">\n\t\t\t\t<div class=\"elementor-widget-container\">\n\t\t\t<style>\/*! elementor - v3.23.0 - 05-08-2024 *\/\n.elementor-column .elementor-spacer-inner{height:var(--spacer-size)}.e-con{--container-widget-width:100%}.e-con-inner>.elementor-widget-spacer,.e-con>.elementor-widget-spacer{width:var(--container-widget-width,var(--spacer-size));--align-self:var(--container-widget-align-self,initial);--flex-shrink:0}.e-con-inner>.elementor-widget-spacer>.elementor-widget-container,.e-con>.elementor-widget-spacer>.elementor-widget-container{height:100%;width:100%}.e-con-inner>.elementor-widget-spacer>.elementor-widget-container>.elementor-spacer,.e-con>.elementor-widget-spacer>.elementor-widget-container>.elementor-spacer{height:100%}.e-con-inner>.elementor-widget-spacer>.elementor-widget-container>.elementor-spacer>.elementor-spacer-inner,.e-con>.elementor-widget-spacer>.elementor-widget-container>.elementor-spacer>.elementor-spacer-inner{height:var(--container-widget-height,var(--spacer-size))}.e-con-inner>.elementor-widget-spacer.elementor-widget-empty,.e-con>.elementor-widget-spacer.elementor-widget-empty{position:relative;min-height:22px;min-width:22px}.e-con-inner>.elementor-widget-spacer.elementor-widget-empty .elementor-widget-empty-icon,.e-con>.elementor-widget-spacer.elementor-widget-empty .elementor-widget-empty-icon{position:absolute;top:0;bottom:0;left:0;right:0;margin:auto;padding:0;width:22px;height:22px}<\/style>\t\t<div class=\"elementor-spacer\">\n\t\t\t<div class=\"elementor-spacer-inner\"><\/div>\n\t\t<\/div>\n\t\t\t\t<\/div>\n\t\t\t\t<\/div>\n\t\t\t\t\t<\/div>\n\t\t<\/div>\n\t\t\t\t\t<\/div>\n\t\t<\/section>\n\t\t\t\t<section class=\"elementor-section elementor-top-section elementor-element elementor-element-60962e3 elementor-section-boxed elementor-section-height-default elementor-section-height-default\" data-id=\"60962e3\" data-element_type=\"section\">\n\t\t\t\t\t\t<div class=\"elementor-container elementor-column-gap-default\">\n\t\t\t\t\t<div class=\"elementor-column elementor-col-100 elementor-top-column elementor-element elementor-element-e5e679d\" data-id=\"e5e679d\" data-element_type=\"column\">\n\t\t\t<div class=\"elementor-widget-wrap elementor-element-populated\">\n\t\t\t\t\t\t<section class=\"elementor-section elementor-inner-section elementor-element elementor-element-e5ba078 elementor-section-boxed elementor-section-height-default elementor-section-height-default\" data-id=\"e5ba078\" data-element_type=\"section\">\n\t\t\t\t\t\t<div class=\"elementor-container elementor-column-gap-default\">\n\t\t\t\t\t<div class=\"elementor-column elementor-col-50 elementor-inner-column elementor-element elementor-element-a7680fd\" data-id=\"a7680fd\" data-element_type=\"column\">\n\t\t\t<div class=\"elementor-widget-wrap elementor-element-populated\">\n\t\t\t\t\t\t<div class=\"elementor-element elementor-element-be9ec8f elementor-widget__width-initial elementor-absolute e-transform elementor-widget elementor-widget-heading\" data-id=\"be9ec8f\" data-element_type=\"widget\" data-settings=\"{&quot;_position&quot;:&quot;absolute&quot;,&quot;_transform_rotateZ_effect&quot;:{&quot;unit&quot;:&quot;px&quot;,&quot;size&quot;:-90,&quot;sizes&quot;:[]},&quot;_transform_rotateZ_effect_tablet&quot;:{&quot;unit&quot;:&quot;deg&quot;,&quot;size&quot;:&quot;&quot;,&quot;sizes&quot;:[]},&quot;_transform_rotateZ_effect_mobile&quot;:{&quot;unit&quot;:&quot;deg&quot;,&quot;size&quot;:&quot;&quot;,&quot;sizes&quot;:[]}}\" data-widget_type=\"heading.default\">\n\t\t\t\t<div class=\"elementor-widget-container\">\n\t\t\t<h1 class=\"elementor-heading-title elementor-size-default\">INQUADRATURA<\/h1>\t\t<\/div>\n\t\t\t\t<\/div>\n\t\t\t\t\t<\/div>\n\t\t<\/div>\n\t\t\t\t<div class=\"elementor-column elementor-col-50 elementor-inner-column elementor-element elementor-element-13c2baf\" data-id=\"13c2baf\" data-element_type=\"column\">\n\t\t\t<div class=\"elementor-widget-wrap elementor-element-populated\">\n\t\t\t\t\t\t<div class=\"elementor-element elementor-element-075a241 elementor-widget__width-initial elementor-widget elementor-widget-text-editor\" data-id=\"075a241\" data-element_type=\"widget\" data-widget_type=\"text-editor.default\">\n\t\t\t\t<div class=\"elementor-widget-container\">\n\t\t\t<style>\/*! elementor - v3.23.0 - 05-08-2024 *\/\n.elementor-widget-text-editor.elementor-drop-cap-view-stacked .elementor-drop-cap{background-color:#69727d;color:#fff}.elementor-widget-text-editor.elementor-drop-cap-view-framed .elementor-drop-cap{color:#69727d;border:3px solid;background-color:transparent}.elementor-widget-text-editor:not(.elementor-drop-cap-view-default) .elementor-drop-cap{margin-top:8px}.elementor-widget-text-editor:not(.elementor-drop-cap-view-default) .elementor-drop-cap-letter{width:1em;height:1em}.elementor-widget-text-editor .elementor-drop-cap{float:left;text-align:center;line-height:1;font-size:50px}.elementor-widget-text-editor .elementor-drop-cap-letter{display:inline-block}<\/style>\t\t\t\t<ul><li><strong>Inquadratura<\/strong>: la porzione di spazio inquadrata dall&#8217;obiettivo della telecamera senza interruzioni o tagli.<\/li><li><strong>Profilmico<\/strong>: tutto ci\u00f2 che \u00e8 posizionato davanti all&#8217;obiettivo, ripreso dalla telecamera.<\/li><li><strong>Decoupage<\/strong>: il risultato finale dell\u2019operazione con cui il regista suddivide la sceneggiatura in sequenze e le numera, organizzando il lavoro prima delle riprese. \u00c8 la struttura interna del film, lo scheletro di sequenze che si susseguono una dopo l\u2019altra.<\/li><li><strong>Fuori campo<\/strong>: la porzione di spazio che non \u00e8 ripreso dalla telecamera ma che si suppone sia tutto intorno all&#8217;inquadratura.<\/li><li><strong>Sequenza<\/strong>: una serie di inquadrature che narrano\/mostrano un singolo episodio narrativo.<\/li><li><strong>Piano sequenza<\/strong>: sequenza composta da un&#8217;unica, lunga inquadratura, senza tagli di alcun tipo.<\/li><li><strong>Composizione<\/strong>: insieme delle scelte fatte dal regista quando pianifica l&#8217;inquadratura e inizia a filmare. Questo aspetto riguarda il posizionamento del soggetto, il suo rapporto con l&#8217;ambiente circostante, la disposizione degli elementi profilmici, le fonti di luce e l&#8217;illuminazione complessiva dell&#8217;inquadratura.<\/li><li><strong>Prospettiva<\/strong>: le inquadrature possono variare a seconda del posizionamento della telecamera: il soggetto pu\u00f2 essere ripreso frontalmente, di lato, dal basso o dall\u2019alto, suscitando emozioni diverse nella mente dello spettatore.<\/li><li><strong>Punto di vista<\/strong>: in base al punto di vista dal quale lo spettatore percepisce gli eventi narrati in una scena, chiamiamo un&#8217;inquadratura oggettiva quando mostra la scena in modo neutro, mentre la chiamiamo soggettiva quando adotta il punto di vista di uno dei personaggi, mostrando la scena attraverso i suoi occhi.<\/li><li><strong>Profondit\u00e0 di campo<\/strong>: suddividendo l\u2019area di un\u2019inquadratura in diversi livelli di profondit\u00e0, tutti ugualmente a fuoco, \u00e8 possibile riprendere contemporaneamente un\u2019azione che si svolge davanti alla telecamera e un\u2019azione che si svolge lontano, sullo sfondo.<\/li><li><strong>Tipi di inquadrature<\/strong>: in base al posizionamento reciproco di telecamera e soggetto, le inquadrature sono suddivise in diverse categorie in base a ci\u00f2 che prevale sullo schermo, l&#8217;ambiente o un soggetto.<br \/>Campo lunghissimo: non ci sono figure umane, solo l&#8217;ambiente.<br \/>Campo lungo: l&#8217;ambiente prevale, ma la figura umana pu\u00f2 ancora essere vista.<br \/>Campo medio lungo: la figura umana \u00e8 nitida sullo sfondo.<br \/>Campo intero: la figura umana \u00e8 completamente visibile e l&#8217;ambiente \u00e8 limitato all&#8217;area di azione del soggetto.<br \/>Figura intera: il soggetto appare nell&#8217;inquadratura nella sua interezza, dalla testa ai piedi.<br \/>Ripresa da cowboy: il soggetto \u00e8 inquadrato dalle ginocchia in su.<br \/>Campo medio: il soggetto \u00e8 inquadrato dalla vita in su.<br \/>Primo piano: il soggetto \u00e8 inquadrato dalle spalle in su.<br \/>Primo piano completo: il viso del soggetto \u00e8 inquadrato dal mento alla fronte.<br \/>Particolare: un&#8217;inquadratura estremamente ravvicinata di una parte del corpo umano. Dettaglio: inquadratura estremamente ravvicinata di un oggetto.<\/li><li><strong>Movimenti di macchina<\/strong>: le inquadrature non sono sempre fisse e la macchina da presa pu\u00f2 muoversi nello spazio durante la fase di ripresa. I principali movimenti di macchina sono:<br \/>Panoramico: movimento di macchina orizzontale o verticale lungo lo stesso asse, utile per riprendere un ambiente nella sua interezza.<br \/>Carrellata: movimento di macchina ottenuto montando la macchina da presa su un carrello mobile che, muovendosi lungo le rotaie, consente di riprendere una scena fluida e continua.<\/li><\/ul>\t\t\t\t\t\t<\/div>\n\t\t\t\t<\/div>\n\t\t\t\t\t<\/div>\n\t\t<\/div>\n\t\t\t\t\t<\/div>\n\t\t<\/section>\n\t\t\t\t<section class=\"elementor-section elementor-inner-section elementor-element elementor-element-0b234d4 elementor-section-boxed elementor-section-height-default elementor-section-height-default\" data-id=\"0b234d4\" data-element_type=\"section\">\n\t\t\t\t\t\t<div class=\"elementor-container elementor-column-gap-default\">\n\t\t\t\t\t<div class=\"elementor-column elementor-col-50 elementor-inner-column elementor-element elementor-element-995ca27\" data-id=\"995ca27\" data-element_type=\"column\">\n\t\t\t<div class=\"elementor-widget-wrap elementor-element-populated\">\n\t\t\t\t\t\t<div class=\"elementor-element elementor-element-0813313 elementor-widget__width-initial elementor-absolute e-transform elementor-widget elementor-widget-heading\" data-id=\"0813313\" data-element_type=\"widget\" data-settings=\"{&quot;_position&quot;:&quot;absolute&quot;,&quot;_transform_rotateZ_effect&quot;:{&quot;unit&quot;:&quot;px&quot;,&quot;size&quot;:-90,&quot;sizes&quot;:[]},&quot;_transform_rotateZ_effect_tablet&quot;:{&quot;unit&quot;:&quot;deg&quot;,&quot;size&quot;:&quot;&quot;,&quot;sizes&quot;:[]},&quot;_transform_rotateZ_effect_mobile&quot;:{&quot;unit&quot;:&quot;deg&quot;,&quot;size&quot;:&quot;&quot;,&quot;sizes&quot;:[]}}\" data-widget_type=\"heading.default\">\n\t\t\t\t<div class=\"elementor-widget-container\">\n\t\t\t<h1 class=\"elementor-heading-title elementor-size-default\">SUONO<\/h1>\t\t<\/div>\n\t\t\t\t<\/div>\n\t\t\t\t\t<\/div>\n\t\t<\/div>\n\t\t\t\t<div class=\"elementor-column elementor-col-50 elementor-inner-column elementor-element elementor-element-0e9a793\" data-id=\"0e9a793\" data-element_type=\"column\">\n\t\t\t<div class=\"elementor-widget-wrap elementor-element-populated\">\n\t\t\t\t\t\t<div class=\"elementor-element elementor-element-5b48a2b elementor-widget__width-initial elementor-widget elementor-widget-text-editor\" data-id=\"5b48a2b\" data-element_type=\"widget\" data-widget_type=\"text-editor.default\">\n\t\t\t\t<div class=\"elementor-widget-container\">\n\t\t\t\t\t\t\t<ul>\n<li><strong>Colonna sonora<\/strong>: insieme di tutte le colonne sonore di un film: dialoghi, effetti sonori, rumori e musica.<\/li>\n<li><strong>Suono diegetico\/extradiegetico<\/strong>: i suoni possono essere diegetici se appartengono alla narrazione di un film (ad esempio lo scricchiolio di una porta o il dialogo tra due personaggi) o extradiegetici se non appartengono agli eventi narrati nel film (ad esempio le partiture musicali che accompagnano le sequenze del film).<\/li>\n<li><strong>Suono dentro lo schermo\/fuori dallo schermo<\/strong>: i suoni sono sullo schermo se la loro fonte \u00e8 all&#8217;interno dell&#8217;inquadratura, mentre sono fuori dallo schermo quando la fonte non \u00e8 visibile.<\/li>\n<li><strong>Voice over<\/strong>: voce narrante fuori dallo schermo che interviene per spiegare o commentare cosa sta succedendo nella scena.<\/li>\n<li><strong>Foley artist<\/strong>: figura professionale specializzata nel ricreare gli effetti sonori di un film, dal rumore della pioggia che cade durante un temporale a quello dei tacchi alti di una donna sul marciapiede.<\/li>\n<\/ul>\n\t\t\t\t\t\t<\/div>\n\t\t\t\t<\/div>\n\t\t\t\t\t<\/div>\n\t\t<\/div>\n\t\t\t\t\t<\/div>\n\t\t<\/section>\n\t\t\t\t<section class=\"elementor-section elementor-inner-section elementor-element elementor-element-ae0101a elementor-section-boxed elementor-section-height-default elementor-section-height-default\" data-id=\"ae0101a\" data-element_type=\"section\">\n\t\t\t\t\t\t<div class=\"elementor-container elementor-column-gap-default\">\n\t\t\t\t\t<div class=\"elementor-column elementor-col-50 elementor-inner-column elementor-element elementor-element-a3465c5\" data-id=\"a3465c5\" data-element_type=\"column\">\n\t\t\t<div class=\"elementor-widget-wrap elementor-element-populated\">\n\t\t\t\t\t\t<div class=\"elementor-element elementor-element-2db1ca4 elementor-widget__width-initial elementor-absolute e-transform elementor-widget elementor-widget-heading\" data-id=\"2db1ca4\" data-element_type=\"widget\" data-settings=\"{&quot;_position&quot;:&quot;absolute&quot;,&quot;_transform_rotateZ_effect&quot;:{&quot;unit&quot;:&quot;px&quot;,&quot;size&quot;:-90,&quot;sizes&quot;:[]},&quot;_transform_rotateZ_effect_tablet&quot;:{&quot;unit&quot;:&quot;deg&quot;,&quot;size&quot;:&quot;&quot;,&quot;sizes&quot;:[]},&quot;_transform_rotateZ_effect_mobile&quot;:{&quot;unit&quot;:&quot;deg&quot;,&quot;size&quot;:&quot;&quot;,&quot;sizes&quot;:[]}}\" data-widget_type=\"heading.default\">\n\t\t\t\t<div class=\"elementor-widget-container\">\n\t\t\t<h1 class=\"elementor-heading-title elementor-size-default\">MONTAGGIO<\/h1>\t\t<\/div>\n\t\t\t\t<\/div>\n\t\t\t\t\t<\/div>\n\t\t<\/div>\n\t\t\t\t<div class=\"elementor-column elementor-col-50 elementor-inner-column elementor-element elementor-element-66ebc9d\" data-id=\"66ebc9d\" data-element_type=\"column\">\n\t\t\t<div class=\"elementor-widget-wrap elementor-element-populated\">\n\t\t\t\t\t\t<div class=\"elementor-element elementor-element-ac2a5fc elementor-widget__width-initial elementor-widget elementor-widget-text-editor\" data-id=\"ac2a5fc\" data-element_type=\"widget\" data-widget_type=\"text-editor.default\">\n\t\t\t\t<div class=\"elementor-widget-container\">\n\t\t\t\t\t\t\t<ul>\n<li><strong>Diegesi<\/strong>: insieme di tutti gli elementi che appartengono alla storia raccontata in un film.<\/li>\n<li><strong>Montaggio parallelo<\/strong>: alternanza di due o pi\u00f9 sequenze che non hanno alcun collegamento spazio-temporale, ma che generano particolari effetti espressivi e simbolici.<\/li>\n<li><strong>Montaggio alternato<\/strong>: alternanza di due o pi\u00f9 sequenze che si svolgono contemporaneamente ma in luoghi diversi. Spesso le due azioni sono destinate a convergere nello stesso luogo.<\/li>\n<li><strong>Montaggio<\/strong>: alternanza di due o pi\u00f9 sequenze con l&#8217;obiettivo di creare coppie sensoriali che evochino un effetto specifico nella mente dello spettatore. Il concetto di montaggio \u00e8 stato perfezionato dal regista russo Sergej Ejzen\u0161tejn all&#8217;inizio degli anni Venti poich\u00e9 voleva catturare l&#8217;attenzione del pubblico e indirizzarla verso la lotta operaia.<\/li>\n<li><strong>Effetto Kule\u0161ov<\/strong>: nel 1918, il regista russo Kule\u0161ov fu il primo a dimostrare che il montaggio non \u00e8 solo necessario per tagliare e ricomporre le sequenze di un film, ma \u00e8 anche utile per creare un significato: infatti, lo spettatore attribuisce sempre un significato specifico all&#8217;abbinamento di due inquadrature molto diverse.<\/li>\n<li><strong>Controcampo<\/strong>: tecnica di montaggio comunemente usata durante i dialoghi per mostrare entrambi gli interlocutori in alternanza: ogni volta che uno dei due parla, la telecamera lo inquadra.<\/li>\n<li><strong>Regola dei 180 gradi<\/strong>: immagina lo spazio profilmico tagliato in due da una linea immaginaria. La telecamera deve muoversi sempre nella stessa met\u00e0 per garantire continuit\u00e0 di significato ed evitare di creare confusione nel pubblico.<\/li>\n<li><strong>Match cut:<\/strong> tecnica usata per collegare due inquadrature diverse in modo da rendere i tagli di montaggio il meno visibili possibile.<br \/>\n&#8211; Taglio assiale: montaggio di due inquadrature in cui la seconda \u00e8 sullo stesso asse della prima, tuttavia pi\u00f9 vicina o pi\u00f9 lontana nello spazio.<br \/>\n&#8211; Eyeline match: montaggio di due inquadrature in cui la prima mostra un personaggio che guarda qualcosa, mentre la seconda mostra ci\u00f2 che il soggetto sta guardando.<br \/>\n&#8211; Taglio di direzione: montaggio di due inquadrature che mostrano un personaggio che si muove in spazi diversi: il personaggio deve entrare nella seconda inquadratura seguendo la stessa direzione di quando \u00e8 uscito dalla prima.<\/li>\n<li><strong>Jump cut<\/strong>: tecnica di montaggio che interrompe la continuit\u00e0 temporale di una sequenza tagliandone la parte centrale e lasciando la parte iniziale e quella finale una accanto all\u2019altra.<\/li>\n<\/ul>\n\t\t\t\t\t\t<\/div>\n\t\t\t\t<\/div>\n\t\t\t\t\t<\/div>\n\t\t<\/div>\n\t\t\t\t\t<\/div>\n\t\t<\/section>\n\t\t\t\t\t<\/div>\n\t\t<\/div>\n\t\t\t\t\t<\/div>\n\t\t<\/section>\n\t\t\t\t<\/div>\n\t\t","protected":false},"excerpt":{"rendered":"<p>the film corner Glossario INQUADRATURA Inquadratura: la porzione di spazio inquadrata dall&#8217;obiettivo della telecamera senza interruzioni o tagli. Profilmico: tutto ci\u00f2 che \u00e8 posizionato davanti all&#8217;obiettivo, ripreso dalla telecamera. Decoupage: il risultato finale dell\u2019operazione con cui il regista suddivide la sceneggiatura in sequenze e le numera, organizzando il lavoro prima delle riprese. \u00c8 la struttura [&hellip;]<\/p>\n","protected":false},"author":7,"featured_media":0,"parent":0,"menu_order":0,"comment_status":"closed","ping_status":"closed","template":"","meta":{"_acf_changed":false,"footnotes":""},"class_list":["post-2123","page","type-page","status-publish","hentry"],"acf":[],"_links":{"self":[{"href":"https:\/\/www.thefilmcorner.eu\/it\/wp-json\/wp\/v2\/pages\/2123","targetHints":{"allow":["GET"]}}],"collection":[{"href":"https:\/\/www.thefilmcorner.eu\/it\/wp-json\/wp\/v2\/pages"}],"about":[{"href":"https:\/\/www.thefilmcorner.eu\/it\/wp-json\/wp\/v2\/types\/page"}],"author":[{"embeddable":true,"href":"https:\/\/www.thefilmcorner.eu\/it\/wp-json\/wp\/v2\/users\/7"}],"replies":[{"embeddable":true,"href":"https:\/\/www.thefilmcorner.eu\/it\/wp-json\/wp\/v2\/comments?post=2123"}],"version-history":[{"count":7,"href":"https:\/\/www.thefilmcorner.eu\/it\/wp-json\/wp\/v2\/pages\/2123\/revisions"}],"predecessor-version":[{"id":2550,"href":"https:\/\/www.thefilmcorner.eu\/it\/wp-json\/wp\/v2\/pages\/2123\/revisions\/2550"}],"wp:attachment":[{"href":"https:\/\/www.thefilmcorner.eu\/it\/wp-json\/wp\/v2\/media?parent=2123"}],"curies":[{"name":"wp","href":"https:\/\/api.w.org\/{rel}","templated":true}]}}