{"id":1642,"date":"2024-08-30T15:23:38","date_gmt":"2024-08-30T13:23:38","guid":{"rendered":"https:\/\/www.thefilmcorner.eu\/rejestr\/"},"modified":"2025-02-06T17:43:41","modified_gmt":"2025-02-06T16:43:41","slug":"rejestr","status":"publish","type":"page","link":"https:\/\/www.thefilmcorner.eu\/pl\/rejestr\/","title":{"rendered":"Rejestr"},"content":{"rendered":"\t\t<div data-elementor-type=\"wp-page\" data-elementor-id=\"1642\" class=\"elementor elementor-1642 elementor-664\" data-elementor-post-type=\"page\">\n\t\t\t\t\t\t<section class=\"elementor-section elementor-top-section elementor-element elementor-element-79694d2 elementor-section-full_width elementor-section-height-default elementor-section-height-default\" data-id=\"79694d2\" data-element_type=\"section\">\n\t\t\t\t\t\t<div class=\"elementor-container elementor-column-gap-default\">\n\t\t\t\t\t<div class=\"elementor-column elementor-col-100 elementor-top-column elementor-element elementor-element-b247e36\" data-id=\"b247e36\" data-element_type=\"column\">\n\t\t\t<div class=\"elementor-widget-wrap elementor-element-populated\">\n\t\t\t\t\t\t<div class=\"elementor-element elementor-element-495010f elementor-widget elementor-widget-text-editor\" data-id=\"495010f\" data-element_type=\"widget\" data-widget_type=\"text-editor.default\">\n\t\t\t\t<div class=\"elementor-widget-container\">\n\t\t\t<style>\/*! elementor - v3.23.0 - 05-08-2024 *\/\n.elementor-widget-text-editor.elementor-drop-cap-view-stacked .elementor-drop-cap{background-color:#69727d;color:#fff}.elementor-widget-text-editor.elementor-drop-cap-view-framed .elementor-drop-cap{color:#69727d;border:3px solid;background-color:transparent}.elementor-widget-text-editor:not(.elementor-drop-cap-view-default) .elementor-drop-cap{margin-top:8px}.elementor-widget-text-editor:not(.elementor-drop-cap-view-default) .elementor-drop-cap-letter{width:1em;height:1em}.elementor-widget-text-editor .elementor-drop-cap{float:left;text-align:center;line-height:1;font-size:50px}.elementor-widget-text-editor .elementor-drop-cap-letter{display:inline-block}<\/style>\t\t\t\t<p><span style=\"font-weight: 400;\">Witamy na <\/span><b><i>The Film Corner<\/i><\/b><span style=\"font-weight: 400;\">, interaktywnej platformie po\u015bwi\u0119conej filmom i edukacji audiowizualnej! Poni\u017cej znajduje si\u0119 kr\u00f3tka instrukcja rejestracji:<\/span><\/p>\n<p><span style=\"font-weight: 400;\">Zarejestruj si\u0119 jako <\/span><b><span style=\"text-decoration: underline;\">Lider grupy<\/span>:<\/b><span style=\"font-weight: 400;\"> je\u015bli jeste\u015b nauczycielem, opiekunem grupy lub osob\u0105 kontaktow\u0105 w organizacji i chcesz korzysta\u0107 z platformy razem ze swoimi uczniami lub z osobami, kt\u00f3rym chcesz zaproponowa\u0107 wsp\u00f3lne wykonywanie proponowanych tu \u0107wicze\u0144, zarejestruj si\u0119 jako lider grupy. B\u0119dziesz mie\u0107 do dyspozycji pe\u0142n\u0105 funkcjonalno\u015b\u0107 platformy i umo\u017cliwisz innym prac\u0119 na platformie razem lub niezale\u017cnie.<\/span><\/p>\n<p><span style=\"font-weight: 400;\">Zarejestruj si\u0119 jako <\/span><b><span style=\"text-decoration: underline;\">Go\u015b\u0107<\/span>:<\/b><span style=\"font-weight: 400;\"> Je\u015bli jeste\u015b profesjonalist\u0105, studentem uniwersytetu lub po prostu entuzjast\u0105 filmu, profil go\u015bcia jest dla Ciebie. B\u0119dziesz mie\u0107 dost\u0119p do wszystkich sekcji platformy i mo\u017cliwo\u015b\u0107 wypr\u00f3bowania jej funkcji w wolnym czasie.<\/span><\/p>\n<p><span style=\"font-weight: 400;\">Je\u015bli jeste\u015b uczniem szko\u0142y lub studentem studi\u00f3w stacjonarnych, skontaktuj si\u0119 ze swoim nauczycielem, aby aktywowa\u0107 konto dla swojej klasy lub grupy. Je\u015bli masz jakiekolwiek pytania, mo\u017cesz napisa\u0107 do nas na adresy kontaktowe wymienione w odpowiedniej sekcji na stronie g\u0142\u00f3wnej.<\/span><\/p>\n<p>&nbsp;<\/p>\n\t\t\t\t\t\t<\/div>\n\t\t\t\t<\/div>\n\t\t\t\t\t<\/div>\n\t\t<\/div>\n\t\t\t\t\t<\/div>\n\t\t<\/section>\n\t\t\t\t<section class=\"elementor-section elementor-top-section elementor-element elementor-element-16a2fb6 elementor-section-full_width elementor-section-height-default elementor-section-height-default\" data-id=\"16a2fb6\" data-element_type=\"section\">\n\t\t\t\t\t\t<div class=\"elementor-container elementor-column-gap-default\">\n\t\t\t\t\t<div class=\"elementor-column elementor-col-50 elementor-top-column elementor-element elementor-element-58d7673\" data-id=\"58d7673\" data-element_type=\"column\" data-settings=\"{&quot;background_background&quot;:&quot;classic&quot;}\">\n\t\t\t<div class=\"elementor-widget-wrap elementor-element-populated\">\n\t\t\t\t\t\t<section class=\"elementor-section elementor-inner-section elementor-element elementor-element-b39d53f elementor-section-full_width elementor-section-height-min-height elementor-section-height-default\" data-id=\"b39d53f\" data-element_type=\"section\">\n\t\t\t\t\t\t<div class=\"elementor-container elementor-column-gap-default\">\n\t\t\t\t\t<div class=\"elementor-column elementor-col-100 elementor-inner-column elementor-element elementor-element-26bd759\" data-id=\"26bd759\" data-element_type=\"column\">\n\t\t\t<div class=\"elementor-widget-wrap elementor-element-populated\">\n\t\t\t\t\t\t<div class=\"elementor-element elementor-element-a91c607 elementor-widget elementor-widget-heading\" data-id=\"a91c607\" data-element_type=\"widget\" data-widget_type=\"heading.default\">\n\t\t\t\t<div class=\"elementor-widget-container\">\n\t\t\t<style>\/*! elementor - v3.23.0 - 05-08-2024 *\/\n.elementor-heading-title{padding:0;margin:0;line-height:1}.elementor-widget-heading .elementor-heading-title[class*=elementor-size-]>a{color:inherit;font-size:inherit;line-height:inherit}.elementor-widget-heading .elementor-heading-title.elementor-size-small{font-size:15px}.elementor-widget-heading .elementor-heading-title.elementor-size-medium{font-size:19px}.elementor-widget-heading .elementor-heading-title.elementor-size-large{font-size:29px}.elementor-widget-heading .elementor-heading-title.elementor-size-xl{font-size:39px}.elementor-widget-heading .elementor-heading-title.elementor-size-xxl{font-size:59px}<\/style><h2 class=\"elementor-heading-title elementor-size-default\">Zarejestruj si\u0119 jako Lider grupy<\/h2>\t\t<\/div>\n\t\t\t\t<\/div>\n\t\t\t\t<div class=\"elementor-element elementor-element-a59cc31 elementor-align-left elementor-widget elementor-widget-button\" data-id=\"a59cc31\" data-element_type=\"widget\" data-widget_type=\"button.default\">\n\t\t\t\t<div class=\"elementor-widget-container\">\n\t\t\t\t\t<div class=\"elementor-button-wrapper\">\n\t\t\t<a class=\"elementor-button elementor-button-link elementor-size-sm elementor-animation-float\" href=\"https:\/\/www.thefilmcorner.eu\/pl\/rejestr\/zarejestruj-lider-grupy\/\">\n\t\t\t\t\t\t<span class=\"elementor-button-content-wrapper\">\n\t\t\t\t\t\t\t\t\t<span class=\"elementor-button-text\">Zarejestruj si\u0119 teraz<\/span>\n\t\t\t\t\t<\/span>\n\t\t\t\t\t<\/a>\n\t\t<\/div>\n\t\t\t\t<\/div>\n\t\t\t\t<\/div>\n\t\t\t\t\t<\/div>\n\t\t<\/div>\n\t\t\t\t\t<\/div>\n\t\t<\/section>\n\t\t\t\t\t<\/div>\n\t\t<\/div>\n\t\t\t\t<div class=\"elementor-column elementor-col-50 elementor-top-column elementor-element elementor-element-94090b6\" data-id=\"94090b6\" data-element_type=\"column\" data-settings=\"{&quot;background_background&quot;:&quot;classic&quot;}\">\n\t\t\t<div class=\"elementor-widget-wrap elementor-element-populated\">\n\t\t\t\t\t\t<section class=\"elementor-section elementor-inner-section elementor-element elementor-element-db9579d elementor-section-full_width elementor-section-height-min-height elementor-section-height-default\" data-id=\"db9579d\" data-element_type=\"section\">\n\t\t\t\t\t\t<div class=\"elementor-container elementor-column-gap-default\">\n\t\t\t\t\t<div class=\"elementor-column elementor-col-100 elementor-inner-column elementor-element elementor-element-685efa4\" data-id=\"685efa4\" data-element_type=\"column\">\n\t\t\t<div class=\"elementor-widget-wrap elementor-element-populated\">\n\t\t\t\t\t\t<div class=\"elementor-element elementor-element-8df71a7 elementor-widget elementor-widget-heading\" data-id=\"8df71a7\" data-element_type=\"widget\" data-widget_type=\"heading.default\">\n\t\t\t\t<div class=\"elementor-widget-container\">\n\t\t\t<h2 class=\"elementor-heading-title elementor-size-default\">Zarejestruj si\u0119 jako Go\u015b\u0107<\/h2>\t\t<\/div>\n\t\t\t\t<\/div>\n\t\t\t\t<div class=\"elementor-element elementor-element-2518331 elementor-align-left elementor-widget elementor-widget-button\" data-id=\"2518331\" data-element_type=\"widget\" data-widget_type=\"button.default\">\n\t\t\t\t<div class=\"elementor-widget-container\">\n\t\t\t\t\t<div class=\"elementor-button-wrapper\">\n\t\t\t<a class=\"elementor-button elementor-button-link elementor-size-sm elementor-animation-float\" href=\"https:\/\/www.thefilmcorner.eu\/pl\/rejestr\/zarejestruj-sie-gosc\/\">\n\t\t\t\t\t\t<span class=\"elementor-button-content-wrapper\">\n\t\t\t\t\t\t\t\t\t<span class=\"elementor-button-text\">Zarejestruj si\u0119 teraz<\/span>\n\t\t\t\t\t<\/span>\n\t\t\t\t\t<\/a>\n\t\t<\/div>\n\t\t\t\t<\/div>\n\t\t\t\t<\/div>\n\t\t\t\t\t<\/div>\n\t\t<\/div>\n\t\t\t\t\t<\/div>\n\t\t<\/section>\n\t\t\t\t\t<\/div>\n\t\t<\/div>\n\t\t\t\t\t<\/div>\n\t\t<\/section>\n\t\t\t\t<\/div>\n\t\t","protected":false},"excerpt":{"rendered":"<p>Witamy na The Film Corner, interaktywnej platformie po\u015bwi\u0119conej filmom i edukacji audiowizualnej! Poni\u017cej znajduje si\u0119 kr\u00f3tka instrukcja rejestracji: Zarejestruj si\u0119 jako Lider grupy: je\u015bli jeste\u015b nauczycielem, opiekunem grupy lub osob\u0105 kontaktow\u0105 w organizacji i chcesz korzysta\u0107 z platformy razem ze swoimi uczniami lub z osobami, kt\u00f3rym chcesz zaproponowa\u0107 wsp\u00f3lne wykonywanie proponowanych tu \u0107wicze\u0144, zarejestruj si\u0119 [&hellip;]<\/p>\n","protected":false},"author":1,"featured_media":0,"parent":0,"menu_order":0,"comment_status":"closed","ping_status":"closed","template":"","meta":{"_acf_changed":false,"footnotes":""},"class_list":["post-1642","page","type-page","status-publish","hentry"],"acf":[],"_links":{"self":[{"href":"https:\/\/www.thefilmcorner.eu\/pl\/wp-json\/wp\/v2\/pages\/1642","targetHints":{"allow":["GET"]}}],"collection":[{"href":"https:\/\/www.thefilmcorner.eu\/pl\/wp-json\/wp\/v2\/pages"}],"about":[{"href":"https:\/\/www.thefilmcorner.eu\/pl\/wp-json\/wp\/v2\/types\/page"}],"author":[{"embeddable":true,"href":"https:\/\/www.thefilmcorner.eu\/pl\/wp-json\/wp\/v2\/users\/1"}],"replies":[{"embeddable":true,"href":"https:\/\/www.thefilmcorner.eu\/pl\/wp-json\/wp\/v2\/comments?post=1642"}],"version-history":[{"count":1,"href":"https:\/\/www.thefilmcorner.eu\/pl\/wp-json\/wp\/v2\/pages\/1642\/revisions"}],"predecessor-version":[{"id":1643,"href":"https:\/\/www.thefilmcorner.eu\/pl\/wp-json\/wp\/v2\/pages\/1642\/revisions\/1643"}],"wp:attachment":[{"href":"https:\/\/www.thefilmcorner.eu\/pl\/wp-json\/wp\/v2\/media?parent=1642"}],"curies":[{"name":"wp","href":"https:\/\/api.w.org\/{rel}","templated":true}]}}