{"id":1634,"date":"2024-08-30T15:23:38","date_gmt":"2024-08-30T13:23:38","guid":{"rendered":"https:\/\/www.thefilmcorner.eu\/registrirajte\/"},"modified":"2025-02-06T17:08:17","modified_gmt":"2025-02-06T16:08:17","slug":"registrirajte","status":"publish","type":"page","link":"https:\/\/www.thefilmcorner.eu\/sl\/registrirajte\/","title":{"rendered":"Registrirajte"},"content":{"rendered":"\t\t<div data-elementor-type=\"wp-page\" data-elementor-id=\"1634\" class=\"elementor elementor-1634 elementor-664\" data-elementor-post-type=\"page\">\n\t\t\t\t\t\t<section class=\"elementor-section elementor-top-section elementor-element elementor-element-79694d2 elementor-section-full_width elementor-section-height-default elementor-section-height-default\" data-id=\"79694d2\" data-element_type=\"section\">\n\t\t\t\t\t\t<div class=\"elementor-container elementor-column-gap-default\">\n\t\t\t\t\t<div class=\"elementor-column elementor-col-100 elementor-top-column elementor-element elementor-element-b247e36\" data-id=\"b247e36\" data-element_type=\"column\">\n\t\t\t<div class=\"elementor-widget-wrap elementor-element-populated\">\n\t\t\t\t\t\t<div class=\"elementor-element elementor-element-495010f elementor-widget elementor-widget-text-editor\" data-id=\"495010f\" data-element_type=\"widget\" data-widget_type=\"text-editor.default\">\n\t\t\t\t<div class=\"elementor-widget-container\">\n\t\t\t<style>\/*! elementor - v3.23.0 - 05-08-2024 *\/\n.elementor-widget-text-editor.elementor-drop-cap-view-stacked .elementor-drop-cap{background-color:#69727d;color:#fff}.elementor-widget-text-editor.elementor-drop-cap-view-framed .elementor-drop-cap{color:#69727d;border:3px solid;background-color:transparent}.elementor-widget-text-editor:not(.elementor-drop-cap-view-default) .elementor-drop-cap{margin-top:8px}.elementor-widget-text-editor:not(.elementor-drop-cap-view-default) .elementor-drop-cap-letter{width:1em;height:1em}.elementor-widget-text-editor .elementor-drop-cap{float:left;text-align:center;line-height:1;font-size:50px}.elementor-widget-text-editor .elementor-drop-cap-letter{display:inline-block}<\/style>\t\t\t\t<p><span style=\"font-weight: 400;\">Dobrodo\u0161li v <\/span><b><i>Filmskem kotu<\/i><\/b><span style=\"font-weight: 400;\">, interaktivni platformi za filmsko in avdiovizualno pismenost! Spodaj je nekaj kratkih navodil za registracijo:<\/span><\/p>\n<p><span style=\"font-weight: 400;\">Registrirajte se kot <span style=\"text-decoration: underline;\"><strong>V<\/strong><\/span><\/span><span style=\"text-decoration: underline;\"><b>odja Skupine<\/b><\/span><span style=\"font-weight: 400;\">: \u010de ste u\u010ditelj, mentor skupine ali kontaktna oseba organizacije in \u017eelite uporabljati platformo skupaj s svojimi u\u010denci, dijaki ali, v vsakem primeru, z ljudmi, ki jih \u017eelite predlagati za skupno opravljanje te dejavnosti, se registrirajte kot vodja skupine. Na voljo boste imeli polno funkcionalnost platforme, drugim uporabnikom pa boste lahko omogo\u010dili skupno ali samostojno delo na platformi.<\/span><\/p>\n<p><span style=\"font-weight: 400;\">Registrirajte se kot <span style=\"text-decoration: underline;\"><strong>G<\/strong><\/span><\/span><span style=\"text-decoration: underline;\"><b>ost<\/b><\/span><span style=\"font-weight: 400;\">: \u010de ste filmski delavec, \u0161tudent ali zgolj filmski navdu\u0161enec, izberite profil gosta. Imeli boste dostop do vseh razdelkov platforme, da boste lahko v poljubnem \u010dasu raziskovali njene vsebine.<\/span><\/p>\n<p><span style=\"font-weight: 400;\">\u010ce ste u\u010denec ali dijak, se obrnite na svojega predavatelja, da aktivirate ra\u010dun za svoj predmet ali u\u010dno snov. \u010ce imate kakr\u0161na koli vpra\u0161anja, nam pi\u0161ite na enega od stikov, navedenih v ustreznem razdelku na doma\u010di strani.<\/span><\/p>\n<p>&nbsp;<\/p>\n\t\t\t\t\t\t<\/div>\n\t\t\t\t<\/div>\n\t\t\t\t\t<\/div>\n\t\t<\/div>\n\t\t\t\t\t<\/div>\n\t\t<\/section>\n\t\t\t\t<section class=\"elementor-section elementor-top-section elementor-element elementor-element-16a2fb6 elementor-section-full_width elementor-section-height-default elementor-section-height-default\" data-id=\"16a2fb6\" data-element_type=\"section\">\n\t\t\t\t\t\t<div class=\"elementor-container elementor-column-gap-default\">\n\t\t\t\t\t<div class=\"elementor-column elementor-col-50 elementor-top-column elementor-element elementor-element-58d7673\" data-id=\"58d7673\" data-element_type=\"column\" data-settings=\"{&quot;background_background&quot;:&quot;classic&quot;}\">\n\t\t\t<div class=\"elementor-widget-wrap elementor-element-populated\">\n\t\t\t\t\t\t<section class=\"elementor-section elementor-inner-section elementor-element elementor-element-b39d53f elementor-section-full_width elementor-section-height-min-height elementor-section-height-default\" data-id=\"b39d53f\" data-element_type=\"section\">\n\t\t\t\t\t\t<div class=\"elementor-container elementor-column-gap-default\">\n\t\t\t\t\t<div class=\"elementor-column elementor-col-100 elementor-inner-column elementor-element elementor-element-26bd759\" data-id=\"26bd759\" data-element_type=\"column\">\n\t\t\t<div class=\"elementor-widget-wrap elementor-element-populated\">\n\t\t\t\t\t\t<div class=\"elementor-element elementor-element-a91c607 elementor-widget elementor-widget-heading\" data-id=\"a91c607\" data-element_type=\"widget\" data-widget_type=\"heading.default\">\n\t\t\t\t<div class=\"elementor-widget-container\">\n\t\t\t<style>\/*! elementor - v3.23.0 - 05-08-2024 *\/\n.elementor-heading-title{padding:0;margin:0;line-height:1}.elementor-widget-heading .elementor-heading-title[class*=elementor-size-]>a{color:inherit;font-size:inherit;line-height:inherit}.elementor-widget-heading .elementor-heading-title.elementor-size-small{font-size:15px}.elementor-widget-heading .elementor-heading-title.elementor-size-medium{font-size:19px}.elementor-widget-heading .elementor-heading-title.elementor-size-large{font-size:29px}.elementor-widget-heading .elementor-heading-title.elementor-size-xl{font-size:39px}.elementor-widget-heading .elementor-heading-title.elementor-size-xxl{font-size:59px}<\/style><h2 class=\"elementor-heading-title elementor-size-default\">Registrirajte se kot Vodja Skupine<\/h2>\t\t<\/div>\n\t\t\t\t<\/div>\n\t\t\t\t<div class=\"elementor-element elementor-element-a59cc31 elementor-align-left elementor-widget elementor-widget-button\" data-id=\"a59cc31\" data-element_type=\"widget\" data-widget_type=\"button.default\">\n\t\t\t\t<div class=\"elementor-widget-container\">\n\t\t\t\t\t<div class=\"elementor-button-wrapper\">\n\t\t\t<a class=\"elementor-button elementor-button-link elementor-size-sm elementor-animation-float\" href=\"https:\/\/www.thefilmcorner.eu\/sl\/registrirajte\/registrirajte-vodja-skupine\/\">\n\t\t\t\t\t\t<span class=\"elementor-button-content-wrapper\">\n\t\t\t\t\t\t\t\t\t<span class=\"elementor-button-text\">Registrirajte se zdaj<\/span>\n\t\t\t\t\t<\/span>\n\t\t\t\t\t<\/a>\n\t\t<\/div>\n\t\t\t\t<\/div>\n\t\t\t\t<\/div>\n\t\t\t\t\t<\/div>\n\t\t<\/div>\n\t\t\t\t\t<\/div>\n\t\t<\/section>\n\t\t\t\t\t<\/div>\n\t\t<\/div>\n\t\t\t\t<div class=\"elementor-column elementor-col-50 elementor-top-column elementor-element elementor-element-94090b6\" data-id=\"94090b6\" data-element_type=\"column\" data-settings=\"{&quot;background_background&quot;:&quot;classic&quot;}\">\n\t\t\t<div class=\"elementor-widget-wrap elementor-element-populated\">\n\t\t\t\t\t\t<section class=\"elementor-section elementor-inner-section elementor-element elementor-element-db9579d elementor-section-full_width elementor-section-height-min-height elementor-section-height-default\" data-id=\"db9579d\" data-element_type=\"section\">\n\t\t\t\t\t\t<div class=\"elementor-container elementor-column-gap-default\">\n\t\t\t\t\t<div class=\"elementor-column elementor-col-100 elementor-inner-column elementor-element elementor-element-685efa4\" data-id=\"685efa4\" data-element_type=\"column\">\n\t\t\t<div class=\"elementor-widget-wrap elementor-element-populated\">\n\t\t\t\t\t\t<div class=\"elementor-element elementor-element-8df71a7 elementor-widget elementor-widget-heading\" data-id=\"8df71a7\" data-element_type=\"widget\" data-widget_type=\"heading.default\">\n\t\t\t\t<div class=\"elementor-widget-container\">\n\t\t\t<h2 class=\"elementor-heading-title elementor-size-default\">Registrirajte se kot Gost<\/h2>\t\t<\/div>\n\t\t\t\t<\/div>\n\t\t\t\t<div class=\"elementor-element elementor-element-2518331 elementor-align-left elementor-widget elementor-widget-button\" data-id=\"2518331\" data-element_type=\"widget\" data-widget_type=\"button.default\">\n\t\t\t\t<div class=\"elementor-widget-container\">\n\t\t\t\t\t<div class=\"elementor-button-wrapper\">\n\t\t\t<a class=\"elementor-button elementor-button-link elementor-size-sm elementor-animation-float\" href=\"https:\/\/www.thefilmcorner.eu\/sl\/registrirajte\/registrirajte-gost\/\">\n\t\t\t\t\t\t<span class=\"elementor-button-content-wrapper\">\n\t\t\t\t\t\t\t\t\t<span class=\"elementor-button-text\">Registrirajte se zdaj<\/span>\n\t\t\t\t\t<\/span>\n\t\t\t\t\t<\/a>\n\t\t<\/div>\n\t\t\t\t<\/div>\n\t\t\t\t<\/div>\n\t\t\t\t\t<\/div>\n\t\t<\/div>\n\t\t\t\t\t<\/div>\n\t\t<\/section>\n\t\t\t\t\t<\/div>\n\t\t<\/div>\n\t\t\t\t\t<\/div>\n\t\t<\/section>\n\t\t\t\t<\/div>\n\t\t","protected":false},"excerpt":{"rendered":"<p>Dobrodo\u0161li v Filmskem kotu, interaktivni platformi za filmsko in avdiovizualno pismenost! Spodaj je nekaj kratkih navodil za registracijo: Registrirajte se kot Vodja Skupine: \u010de ste u\u010ditelj, mentor skupine ali kontaktna oseba organizacije in \u017eelite uporabljati platformo skupaj s svojimi u\u010denci, dijaki ali, v vsakem primeru, z ljudmi, ki jih \u017eelite predlagati za skupno opravljanje te [&hellip;]<\/p>\n","protected":false},"author":1,"featured_media":0,"parent":0,"menu_order":0,"comment_status":"closed","ping_status":"closed","template":"","meta":{"_acf_changed":false,"footnotes":""},"class_list":["post-1634","page","type-page","status-publish","hentry"],"acf":[],"_links":{"self":[{"href":"https:\/\/www.thefilmcorner.eu\/sl\/wp-json\/wp\/v2\/pages\/1634","targetHints":{"allow":["GET"]}}],"collection":[{"href":"https:\/\/www.thefilmcorner.eu\/sl\/wp-json\/wp\/v2\/pages"}],"about":[{"href":"https:\/\/www.thefilmcorner.eu\/sl\/wp-json\/wp\/v2\/types\/page"}],"author":[{"embeddable":true,"href":"https:\/\/www.thefilmcorner.eu\/sl\/wp-json\/wp\/v2\/users\/1"}],"replies":[{"embeddable":true,"href":"https:\/\/www.thefilmcorner.eu\/sl\/wp-json\/wp\/v2\/comments?post=1634"}],"version-history":[{"count":3,"href":"https:\/\/www.thefilmcorner.eu\/sl\/wp-json\/wp\/v2\/pages\/1634\/revisions"}],"predecessor-version":[{"id":1637,"href":"https:\/\/www.thefilmcorner.eu\/sl\/wp-json\/wp\/v2\/pages\/1634\/revisions\/1637"}],"wp:attachment":[{"href":"https:\/\/www.thefilmcorner.eu\/sl\/wp-json\/wp\/v2\/media?parent=1634"}],"curies":[{"name":"wp","href":"https:\/\/api.w.org\/{rel}","templated":true}]}}