{"id":1770,"date":"2024-08-30T15:23:38","date_gmt":"2024-08-30T13:23:38","guid":{"rendered":"https:\/\/www.thefilmcorner.eu\/registrujte-se\/"},"modified":"2025-02-18T14:46:17","modified_gmt":"2025-02-18T13:46:17","slug":"registrujte-se","status":"publish","type":"page","link":"https:\/\/www.thefilmcorner.eu\/sr\/registrujte-se\/","title":{"rendered":"Registrujte se"},"content":{"rendered":"\t\t<div data-elementor-type=\"wp-page\" data-elementor-id=\"1770\" class=\"elementor elementor-1770 elementor-664\" data-elementor-post-type=\"page\">\n\t\t\t\t\t\t<section class=\"elementor-section elementor-top-section elementor-element elementor-element-79694d2 elementor-section-full_width elementor-section-height-default elementor-section-height-default\" data-id=\"79694d2\" data-element_type=\"section\">\n\t\t\t\t\t\t<div class=\"elementor-container elementor-column-gap-default\">\n\t\t\t\t\t<div class=\"elementor-column elementor-col-100 elementor-top-column elementor-element elementor-element-b247e36\" data-id=\"b247e36\" data-element_type=\"column\">\n\t\t\t<div class=\"elementor-widget-wrap elementor-element-populated\">\n\t\t\t\t\t\t<div class=\"elementor-element elementor-element-495010f elementor-widget elementor-widget-text-editor\" data-id=\"495010f\" data-element_type=\"widget\" data-widget_type=\"text-editor.default\">\n\t\t\t\t<div class=\"elementor-widget-container\">\n\t\t\t<style>\/*! elementor - v3.23.0 - 05-08-2024 *\/\n.elementor-widget-text-editor.elementor-drop-cap-view-stacked .elementor-drop-cap{background-color:#69727d;color:#fff}.elementor-widget-text-editor.elementor-drop-cap-view-framed .elementor-drop-cap{color:#69727d;border:3px solid;background-color:transparent}.elementor-widget-text-editor:not(.elementor-drop-cap-view-default) .elementor-drop-cap{margin-top:8px}.elementor-widget-text-editor:not(.elementor-drop-cap-view-default) .elementor-drop-cap-letter{width:1em;height:1em}.elementor-widget-text-editor .elementor-drop-cap{float:left;text-align:center;line-height:1;font-size:50px}.elementor-widget-text-editor .elementor-drop-cap-letter{display:inline-block}<\/style>\t\t\t\t<p>Dobrodo\u0161li u <strong>The Film Corner<\/strong>, interaktivnu platformu za filmsku i audiovizuelnu pismenost! U nastavku su neka kratka uputstva za registraciju:<\/p>\n<div class=\"kO6q6e\" dir=\"ltr\">Registrujte se kao <span style=\"text-decoration: underline;\"><strong>Vo\u0111a Grupe<\/strong><\/span>: ako ste nastavnik, tutor grupe ili kontakt osoba u organizaciji i \u017eelite da koristite platformu zajedno sa svojim u\u010denicima ili, u svakom slu\u010daju, sa ljudima koje \u017eelite da predlo\u017eite da zajedno rade ovu aktivnost, registrujte se kao vo\u0111a grupe. Imac\u0301ete punu funkcionalnost platforme na raspolaganju i moc\u0301i c\u0301ete da osna\u017eite druge da rade na platformi zajedno ili samostalno.<\/div>\n<div dir=\"ltr\"><\/div>\n<div dir=\"ltr\">\n<div class=\"kO6q6e\" dir=\"ltr\">Registrujte se kao <span style=\"text-decoration: underline;\"><strong>Gost<\/strong><\/span>: Bez obzira da li ste profesionalac, student ili samo filmski entuzijasta, profil gosta je za vas. Imac\u0301ete pristup svim delovima platforme i moc\u0301i c\u0301ete da isprobate njene funkcije u slobodno vreme.<\/div>\n<\/div>\n<div dir=\"ltr\"><\/div>\n<div dir=\"ltr\">\n<div class=\"kO6q6e\" dir=\"ltr\">Ako ste redovni student u \u0161koli ili na univerzitetu, kontaktirajte svog nastavnika da aktivira nalog za va\u0161u razrednu grupu ili kurs. Ako imate bilo kakvih pitanja, slobodno nam pi\u0161ite na kontakte navedene u odgovarajuc\u0301em odeljku na po\u010detnoj stranici.<\/div>\n<\/div>\n\t\t\t\t\t\t<\/div>\n\t\t\t\t<\/div>\n\t\t\t\t\t<\/div>\n\t\t<\/div>\n\t\t\t\t\t<\/div>\n\t\t<\/section>\n\t\t\t\t<section class=\"elementor-section elementor-top-section elementor-element elementor-element-16a2fb6 elementor-section-full_width elementor-section-height-default elementor-section-height-default\" data-id=\"16a2fb6\" data-element_type=\"section\">\n\t\t\t\t\t\t<div class=\"elementor-container elementor-column-gap-default\">\n\t\t\t\t\t<div class=\"elementor-column elementor-col-50 elementor-top-column elementor-element elementor-element-58d7673\" data-id=\"58d7673\" data-element_type=\"column\" data-settings=\"{&quot;background_background&quot;:&quot;classic&quot;}\">\n\t\t\t<div class=\"elementor-widget-wrap elementor-element-populated\">\n\t\t\t\t\t\t<section class=\"elementor-section elementor-inner-section elementor-element elementor-element-b39d53f elementor-section-full_width elementor-section-height-min-height elementor-section-height-default\" data-id=\"b39d53f\" data-element_type=\"section\">\n\t\t\t\t\t\t<div class=\"elementor-container elementor-column-gap-default\">\n\t\t\t\t\t<div class=\"elementor-column elementor-col-100 elementor-inner-column elementor-element elementor-element-26bd759\" data-id=\"26bd759\" data-element_type=\"column\">\n\t\t\t<div class=\"elementor-widget-wrap elementor-element-populated\">\n\t\t\t\t\t\t<div class=\"elementor-element elementor-element-a91c607 elementor-widget elementor-widget-heading\" data-id=\"a91c607\" data-element_type=\"widget\" data-widget_type=\"heading.default\">\n\t\t\t\t<div class=\"elementor-widget-container\">\n\t\t\t<style>\/*! elementor - v3.23.0 - 05-08-2024 *\/\n.elementor-heading-title{padding:0;margin:0;line-height:1}.elementor-widget-heading .elementor-heading-title[class*=elementor-size-]>a{color:inherit;font-size:inherit;line-height:inherit}.elementor-widget-heading .elementor-heading-title.elementor-size-small{font-size:15px}.elementor-widget-heading .elementor-heading-title.elementor-size-medium{font-size:19px}.elementor-widget-heading .elementor-heading-title.elementor-size-large{font-size:29px}.elementor-widget-heading .elementor-heading-title.elementor-size-xl{font-size:39px}.elementor-widget-heading .elementor-heading-title.elementor-size-xxl{font-size:59px}<\/style><h2 class=\"elementor-heading-title elementor-size-default\">Registrujte se kao Vo\u0111a Grupe<\/h2>\t\t<\/div>\n\t\t\t\t<\/div>\n\t\t\t\t<div class=\"elementor-element elementor-element-a59cc31 elementor-align-left elementor-widget elementor-widget-button\" data-id=\"a59cc31\" data-element_type=\"widget\" data-widget_type=\"button.default\">\n\t\t\t\t<div class=\"elementor-widget-container\">\n\t\t\t\t\t<div class=\"elementor-button-wrapper\">\n\t\t\t<a class=\"elementor-button elementor-button-link elementor-size-sm elementor-animation-float\" href=\"https:\/\/www.thefilmcorner.eu\/sr\/registrujte-se\/registracija-vodja-grupe\/\">\n\t\t\t\t\t\t<span class=\"elementor-button-content-wrapper\">\n\t\t\t\t\t\t\t\t\t<span class=\"elementor-button-text\">Registrujte se sada<\/span>\n\t\t\t\t\t<\/span>\n\t\t\t\t\t<\/a>\n\t\t<\/div>\n\t\t\t\t<\/div>\n\t\t\t\t<\/div>\n\t\t\t\t\t<\/div>\n\t\t<\/div>\n\t\t\t\t\t<\/div>\n\t\t<\/section>\n\t\t\t\t\t<\/div>\n\t\t<\/div>\n\t\t\t\t<div class=\"elementor-column elementor-col-50 elementor-top-column elementor-element elementor-element-94090b6\" data-id=\"94090b6\" data-element_type=\"column\" data-settings=\"{&quot;background_background&quot;:&quot;classic&quot;}\">\n\t\t\t<div class=\"elementor-widget-wrap elementor-element-populated\">\n\t\t\t\t\t\t<section class=\"elementor-section elementor-inner-section elementor-element elementor-element-db9579d elementor-section-full_width elementor-section-height-min-height elementor-section-height-default\" data-id=\"db9579d\" data-element_type=\"section\">\n\t\t\t\t\t\t<div class=\"elementor-container elementor-column-gap-default\">\n\t\t\t\t\t<div class=\"elementor-column elementor-col-100 elementor-inner-column elementor-element elementor-element-685efa4\" data-id=\"685efa4\" data-element_type=\"column\">\n\t\t\t<div class=\"elementor-widget-wrap elementor-element-populated\">\n\t\t\t\t\t\t<div class=\"elementor-element elementor-element-8df71a7 elementor-widget elementor-widget-heading\" data-id=\"8df71a7\" data-element_type=\"widget\" data-widget_type=\"heading.default\">\n\t\t\t\t<div class=\"elementor-widget-container\">\n\t\t\t<h2 class=\"elementor-heading-title elementor-size-default\">Registrujte se kao Gost<\/h2>\t\t<\/div>\n\t\t\t\t<\/div>\n\t\t\t\t<div class=\"elementor-element elementor-element-2518331 elementor-align-left elementor-widget elementor-widget-button\" data-id=\"2518331\" data-element_type=\"widget\" data-widget_type=\"button.default\">\n\t\t\t\t<div class=\"elementor-widget-container\">\n\t\t\t\t\t<div class=\"elementor-button-wrapper\">\n\t\t\t<a class=\"elementor-button elementor-button-link elementor-size-sm elementor-animation-float\" href=\"https:\/\/www.thefilmcorner.eu\/sr\/registrujte-se\/registracija-gost\/\">\n\t\t\t\t\t\t<span class=\"elementor-button-content-wrapper\">\n\t\t\t\t\t\t\t\t\t<span class=\"elementor-button-text\">Registrujte se sada<\/span>\n\t\t\t\t\t<\/span>\n\t\t\t\t\t<\/a>\n\t\t<\/div>\n\t\t\t\t<\/div>\n\t\t\t\t<\/div>\n\t\t\t\t\t<\/div>\n\t\t<\/div>\n\t\t\t\t\t<\/div>\n\t\t<\/section>\n\t\t\t\t\t<\/div>\n\t\t<\/div>\n\t\t\t\t\t<\/div>\n\t\t<\/section>\n\t\t\t\t<\/div>\n\t\t","protected":false},"excerpt":{"rendered":"<p>Dobrodo\u0161li u The Film Corner, interaktivnu platformu za filmsku i audiovizuelnu pismenost! U nastavku su neka kratka uputstva za registraciju: Registrujte se kao Vo\u0111a Grupe: ako ste nastavnik, tutor grupe ili kontakt osoba u organizaciji i \u017eelite da koristite platformu zajedno sa svojim u\u010denicima ili, u svakom slu\u010daju, sa ljudima koje \u017eelite da predlo\u017eite da [&hellip;]<\/p>\n","protected":false},"author":1,"featured_media":0,"parent":0,"menu_order":0,"comment_status":"closed","ping_status":"closed","template":"","meta":{"_acf_changed":false,"footnotes":""},"class_list":["post-1770","page","type-page","status-publish","hentry"],"acf":[],"_links":{"self":[{"href":"https:\/\/www.thefilmcorner.eu\/sr\/wp-json\/wp\/v2\/pages\/1770","targetHints":{"allow":["GET"]}}],"collection":[{"href":"https:\/\/www.thefilmcorner.eu\/sr\/wp-json\/wp\/v2\/pages"}],"about":[{"href":"https:\/\/www.thefilmcorner.eu\/sr\/wp-json\/wp\/v2\/types\/page"}],"author":[{"embeddable":true,"href":"https:\/\/www.thefilmcorner.eu\/sr\/wp-json\/wp\/v2\/users\/1"}],"replies":[{"embeddable":true,"href":"https:\/\/www.thefilmcorner.eu\/sr\/wp-json\/wp\/v2\/comments?post=1770"}],"version-history":[{"count":1,"href":"https:\/\/www.thefilmcorner.eu\/sr\/wp-json\/wp\/v2\/pages\/1770\/revisions"}],"predecessor-version":[{"id":1771,"href":"https:\/\/www.thefilmcorner.eu\/sr\/wp-json\/wp\/v2\/pages\/1770\/revisions\/1771"}],"wp:attachment":[{"href":"https:\/\/www.thefilmcorner.eu\/sr\/wp-json\/wp\/v2\/media?parent=1770"}],"curies":[{"name":"wp","href":"https:\/\/api.w.org\/{rel}","templated":true}]}}